{"id":18,"date":"2017-06-10T08:25:52","date_gmt":"2017-06-10T08:25:52","guid":{"rendered":"http:\/\/xtratheme.comarchitect\/?page_id=10"},"modified":"2021-03-23T22:24:53","modified_gmt":"2021-03-23T21:24:53","slug":"contact","status":"publish","type":"page","link":"https:\/\/lesensdulieu.com\/index.php\/contact\/","title":{"rendered":"Contact"},"content":{"rendered":"<div class=\"wpb-content-wrapper\"><p>[vc_row equal_height=\u00a0\u00bbyes\u00a0\u00bb content_placement=\u00a0\u00bbtop\u00a0\u00bb css=\u00a0\u00bb.vc_custom_1615626466131{margin-top: 16px !important;margin-right: 16px !important;margin-bottom: 16px !important;margin-left: 16px !important;background-color: #fafafa !important;background-position: center !important;background-repeat: no-repeat !important;background-size: cover !important;}\u00a0\u00bb][vc_column width=\u00a0\u00bb1\/2&Prime; css=\u00a0\u00bb.vc_custom_1615626493529{background-color: #fafafa !important;}\u00a0\u00bb]<div class=\"cz_gap clr  hide_on_tablet hide_on_mobile\" style=\"height: 20px\"><\/div><div class=\"cz_gap show_on_tablet clr  show_only_tablet\" style=\"height: 12px\"><\/div><div class=\"cz_gap show_on_mobile clr\" style=\"height: 9px\"><\/div><div id=\"cz_75955\" class=\"cz_75955 cz_title clr cz_title_pos_center tac\"><div class=\"cz_title_content\"><div class=\"cz_wpe_content\"><p class=\"MID-titres-ombres\" style=\"text-align: center;\"><span style=\"font-family: inherit; font-size: 32px; font-wight: 600; color: #ffa308;\">Formulaire de contact<\/span><\/p>\n<\/div><\/div><\/div><div id=\"cz_67704\" class=\"cz_67704 cz_cf7 clr wpb_animate_when_almost_visible appear\"><div>\n<div class=\"wpcf7 no-js\" id=\"wpcf7-f6-o1\" lang=\"fr-FR\" dir=\"ltr\" data-wpcf7-id=\"6\">\n<div class=\"screen-reader-response\"><p role=\"status\" aria-live=\"polite\" aria-atomic=\"true\"><\/p> <ul><\/ul><\/div>\n<form action=\"\/index.php\/wp-json\/wp\/v2\/pages\/18#wpcf7-f6-o1\" method=\"post\" class=\"wpcf7-form init\" aria-label=\"Formulaire de contact\" novalidate=\"novalidate\" data-status=\"init\">\n<fieldset class=\"hidden-fields-container\"><input type=\"hidden\" name=\"_wpcf7\" value=\"6\" \/><input type=\"hidden\" name=\"_wpcf7_version\" value=\"6.1.5\" \/><input type=\"hidden\" name=\"_wpcf7_locale\" value=\"fr_FR\" \/><input type=\"hidden\" name=\"_wpcf7_unit_tag\" value=\"wpcf7-f6-o1\" \/><input type=\"hidden\" name=\"_wpcf7_container_post\" value=\"0\" \/><input type=\"hidden\" name=\"_wpcf7_posted_data_hash\" value=\"\" \/><input type=\"hidden\" name=\"_wpcf7_recaptcha_response\" value=\"\" \/>\n<\/fieldset>\n<p><label> Votre nom (Requis)<br \/>\n<span class=\"wpcf7-form-control-wrap\" data-name=\"your-name\"><input size=\"40\" maxlength=\"400\" class=\"wpcf7-form-control wpcf7-text wpcf7-validates-as-required\" aria-required=\"true\" aria-invalid=\"false\" value=\"\" type=\"text\" name=\"your-name\" \/><\/span> <\/label>\n<\/p>\n<p><label> Votre adresse de messagerie (Requis)<br \/>\n<span class=\"wpcf7-form-control-wrap\" data-name=\"your-email\"><input size=\"40\" maxlength=\"400\" class=\"wpcf7-form-control wpcf7-email wpcf7-validates-as-required wpcf7-text wpcf7-validates-as-email\" aria-required=\"true\" aria-invalid=\"false\" value=\"\" type=\"email\" name=\"your-email\" \/><\/span> <\/label>\n<\/p>\n<p><label> Objet<br \/>\n<span class=\"wpcf7-form-control-wrap\" data-name=\"your-subject\"><input size=\"40\" maxlength=\"400\" class=\"wpcf7-form-control wpcf7-text\" aria-invalid=\"false\" value=\"\" type=\"text\" name=\"your-subject\" \/><\/span> <\/label>\n<\/p>\n<p><label> Votre message<br \/>\n<span class=\"wpcf7-form-control-wrap\" data-name=\"your-message\"><textarea cols=\"40\" rows=\"10\" maxlength=\"2000\" class=\"wpcf7-form-control wpcf7-textarea\" aria-invalid=\"false\" name=\"your-message\"><\/textarea><\/span> <\/label>\n<\/p>\n<p><input class=\"wpcf7-form-control wpcf7-submit has-spinner\" type=\"submit\" value=\"Envoyer\" \/>\n<\/p><p style=\"display: none !important;\" class=\"akismet-fields-container\" data-prefix=\"_wpcf7_ak_\"><label>&#916;<textarea name=\"_wpcf7_ak_hp_textarea\" cols=\"45\" rows=\"8\" maxlength=\"100\"><\/textarea><\/label><input type=\"hidden\" id=\"ak_js_1\" name=\"_wpcf7_ak_js\" value=\"250\"\/><script>\ndocument.getElementById( \"ak_js_1\" ).setAttribute( \"value\", ( new Date() ).getTime() );\n<\/script>\n<\/p><div class=\"wpcf7-response-output\" aria-hidden=\"true\"><\/div>\n<\/form>\n<\/div>\n<\/div><\/div><div class=\"cz_gap clr  hide_on_tablet hide_on_mobile\" style=\"height: 24px\"><\/div><div class=\"cz_gap show_on_tablet clr  show_only_tablet\" style=\"height: 12px\"><\/div><div class=\"cz_gap show_on_mobile clr\" style=\"height: 9px\"><\/div>[\/vc_column][vc_column width=\u00a0\u00bb1\/2&Prime;]<div class=\"cz_gap clr  hide_on_tablet hide_on_mobile\" style=\"height: 96px\"><\/div><div class=\"cz_gap show_on_tablet clr  show_only_tablet\" style=\"height: 32px\"><\/div><div class=\"cz_gap show_on_mobile clr\" style=\"height: 24px\"><\/div><div id=\"cz_79661\" class=\"cz_79661 cz_title clr cz_title_pos_left\"><div class=\"cz_title_content\"><div class=\"cz_wpe_content\"><h3><span style=\"font-weight: 600; color: #ffa308; font-size: 20px;\">T\u00e9l\u00e9phone<\/span><\/h3>\n<p style=\"text-align: left;\"><span style=\"font-size: 20px; font-family: inherit; color: #007f66;\">06.37.32.84.96<\/span><\/p>\n<\/div><\/div><\/div><div class=\"cz_gap clr  hide_on_tablet hide_on_mobile\" style=\"height: 32px\"><\/div><div class=\"cz_gap show_on_tablet clr  show_only_tablet\" style=\"height: 26px\"><\/div><div class=\"cz_gap show_on_mobile clr\" style=\"height: 16px\"><\/div><div id=\"cz_69864\" class=\"cz_69864 cz_title clr cz_title_pos_left\"><div class=\"cz_title_content\"><div class=\"cz_wpe_content\"><h3><span style=\"font-weight: 600; color: #ffa308; font-size: 20px;\">Courriel<\/span><\/h3>\n<p style=\"text-align: left;\"><span style=\"font-size: 20px; color: #008000;\"><strong><span style=\"font-family: inherit;\"><a style=\"color: #007f66;\" href=\"mailto:fengshui@lesensdulieu.com\" target=\"_blank\" rel=\"noopener noreferrer\">fengshui@lesensdulieu.com<\/a><\/span><\/strong><\/span><\/p>\n<\/div><\/div><\/div><div class=\"cz_gap clr  hide_on_tablet hide_on_mobile\" style=\"height: 32px\"><\/div><div class=\"cz_gap show_on_tablet clr  show_only_tablet\" style=\"height: 26px\"><\/div><div class=\"cz_gap show_on_mobile clr\" style=\"height: 16px\"><\/div><div id=\"cz_88854\" class=\"cz_88854 cz_title clr cz_title_pos_left\"><div class=\"cz_title_content\"><div class=\"cz_wpe_content\"><h3><span style=\"font-weight: 600; color: #ffa308; font-size: 20px;\">Adresse<\/span><\/h3>\n<p style=\"text-align: left;\"><span style=\"font-size: 20px; font-family: inherit; color: #007f66;\">67, all\u00e9e des m\u00e9l\u00e8zes<br \/>\nParc de Maugarny<br \/>\n95680 MONTLIGNON<\/span><\/p>\n<\/div><\/div><\/div><div class=\"cz_gap clr  hide_on_tablet hide_on_mobile\" style=\"height: 48px\"><\/div><div class=\"cz_gap show_on_tablet clr  show_only_tablet\" style=\"height: 12px\"><\/div><div class=\"cz_gap show_on_mobile clr\" style=\"height: 9px\"><\/div>[\/vc_column][\/vc_row][vc_row full_width=\u00a0\u00bbstretch_row\u00a0\u00bb content_placement=\u00a0\u00bbmiddle\u00a0\u00bb disable_element=\u00a0\u00bbyes\u00a0\u00bb el_class=\u00a0\u00bbno_padding\u00a0\u00bb][vc_column]<div class=\"cz_gap clr  hide_on_tablet hide_on_mobile\" style=\"height: 36px\"><\/div><div class=\"cz_gap show_on_tablet clr  show_only_tablet\" style=\"height: 12px\"><\/div><div class=\"cz_gap show_on_mobile clr\" style=\"height: 9px\"><\/div><div class=\"cz_btn_block\"><div class=\"cz_103471_p\"><a id=\"cz_103471\" class=\"cz_103471 cz_btn cz_btn_txt_move_up cz_btn_move_up\" href=\"http:\/\/lesensdulieu.com\/index.php\/contact\/\"><span><i class=\"fa fa-volume-control-phone\"><\/i><strong>NOUS CONTACTER : 06.37.32.84.96<\/strong><\/span><b class=\"cz_btn_onhover\"><i class=\"fa fa-volume-control-phone\"><\/i><strong>PRENEZ CONTACT POUR VOTRE PROJET : 06.37.32.84.96<\/strong><\/b><\/a><\/div><\/div>[\/vc_column][\/vc_row]<\/p>\n<\/div>","protected":false},"excerpt":{"rendered":"<p>[vc_row equal_height=\u00a0\u00bbyes\u00a0\u00bb content_placement=\u00a0\u00bbtop\u00a0\u00bb css=\u00a0\u00bb.vc_custom_1615626466131{margin-top: 16px !important;margin-right: 16px !important;margin-bottom: 16px !important;margin-left: 16px &#8230; <\/p>\n","protected":false},"author":1,"featured_media":0,"parent":0,"menu_order":0,"comment_status":"closed","ping_status":"closed","template":"","meta":{"footnotes":""},"class_list":["post-18","page","type-page","status-publish","hentry"],"yoast_head":"<!-- This site is optimized with the Yoast SEO plugin v27.5 - https:\/\/yoast.com\/product\/yoast-seo-wordpress\/ -->\n<title>Contact - Le Sens du Lieu<\/title>\n<meta name=\"description\" content=\"Contact Le Sens du Lieu - Expertise Fengshui pour l&#039;entreprise et les particuliers. Contacter Le Sens du Lieu \/ Maryline NIEL Consultante Feng Shui\" \/>\n<meta name=\"robots\" content=\"index, follow, max-snippet:-1, max-image-preview:large, max-video-preview:-1\" \/>\n<link rel=\"canonical\" href=\"https:\/\/lesensdulieu.com\/index.php\/contact\/\" \/>\n<meta property=\"og:locale\" content=\"fr_FR\" \/>\n<meta property=\"og:type\" content=\"article\" \/>\n<meta property=\"og:title\" content=\"Contact - Le Sens du Lieu\" \/>\n<meta property=\"og:description\" content=\"Contact Le Sens du Lieu - Expertise Fengshui pour l&#039;entreprise et les particuliers. Contacter Le Sens du Lieu \/ Maryline NIEL Consultante Feng Shui\" \/>\n<meta property=\"og:url\" content=\"https:\/\/lesensdulieu.com\/index.php\/contact\/\" \/>\n<meta property=\"og:site_name\" content=\"Le Sens du Lieu\" \/>\n<meta property=\"article:modified_time\" content=\"2021-03-23T21:24:53+00:00\" \/>\n<meta name=\"twitter:card\" content=\"summary_large_image\" \/>\n<script type=\"application\/ld+json\" class=\"yoast-schema-graph\">{\"@context\":\"https:\\\/\\\/schema.org\",\"@graph\":[{\"@type\":\"WebPage\",\"@id\":\"https:\\\/\\\/lesensdulieu.com\\\/index.php\\\/contact\\\/\",\"url\":\"https:\\\/\\\/lesensdulieu.com\\\/index.php\\\/contact\\\/\",\"name\":\"Contact - Le Sens du Lieu\",\"isPartOf\":{\"@id\":\"https:\\\/\\\/lesensdulieu.com\\\/#website\"},\"datePublished\":\"2017-06-10T08:25:52+00:00\",\"dateModified\":\"2021-03-23T21:24:53+00:00\",\"description\":\"Contact Le Sens du Lieu - Expertise Fengshui pour l'entreprise et les particuliers. Contacter Le Sens du Lieu \\\/ Maryline NIEL Consultante Feng Shui\",\"breadcrumb\":{\"@id\":\"https:\\\/\\\/lesensdulieu.com\\\/index.php\\\/contact\\\/#breadcrumb\"},\"inLanguage\":\"fr-FR\",\"potentialAction\":[{\"@type\":\"ReadAction\",\"target\":[\"https:\\\/\\\/lesensdulieu.com\\\/index.php\\\/contact\\\/\"]}]},{\"@type\":\"BreadcrumbList\",\"@id\":\"https:\\\/\\\/lesensdulieu.com\\\/index.php\\\/contact\\\/#breadcrumb\",\"itemListElement\":[{\"@type\":\"ListItem\",\"position\":1,\"name\":\"Accueil\",\"item\":\"https:\\\/\\\/lesensdulieu.com\\\/\"},{\"@type\":\"ListItem\",\"position\":2,\"name\":\"Contact\"}]},{\"@type\":\"WebSite\",\"@id\":\"https:\\\/\\\/lesensdulieu.com\\\/#website\",\"url\":\"https:\\\/\\\/lesensdulieu.com\\\/\",\"name\":\"Le Sens du Lieu\",\"description\":\"Harmoniser individus et environnements\",\"publisher\":{\"@id\":\"https:\\\/\\\/lesensdulieu.com\\\/#organization\"},\"potentialAction\":[{\"@type\":\"SearchAction\",\"target\":{\"@type\":\"EntryPoint\",\"urlTemplate\":\"https:\\\/\\\/lesensdulieu.com\\\/?s={search_term_string}\"},\"query-input\":{\"@type\":\"PropertyValueSpecification\",\"valueRequired\":true,\"valueName\":\"search_term_string\"}}],\"inLanguage\":\"fr-FR\"},{\"@type\":\"Organization\",\"@id\":\"https:\\\/\\\/lesensdulieu.com\\\/#organization\",\"name\":\"Le Sens du Lieu\",\"url\":\"https:\\\/\\\/lesensdulieu.com\\\/\",\"logo\":{\"@type\":\"ImageObject\",\"inLanguage\":\"fr-FR\",\"@id\":\"https:\\\/\\\/lesensdulieu.com\\\/#\\\/schema\\\/logo\\\/image\\\/\",\"url\":\"https:\\\/\\\/lesensdulieu.com\\\/wp-content\\\/uploads\\\/2021\\\/03\\\/LOGO-2021-2.png\",\"contentUrl\":\"https:\\\/\\\/lesensdulieu.com\\\/wp-content\\\/uploads\\\/2021\\\/03\\\/LOGO-2021-2.png\",\"width\":1200,\"height\":330,\"caption\":\"Le Sens du Lieu\"},\"image\":{\"@id\":\"https:\\\/\\\/lesensdulieu.com\\\/#\\\/schema\\\/logo\\\/image\\\/\"}}]}<\/script>\n<!-- \/ Yoast SEO plugin. -->","yoast_head_json":{"title":"Contact - Le Sens du Lieu","description":"Contact Le Sens du Lieu - Expertise Fengshui pour l'entreprise et les particuliers. Contacter Le Sens du Lieu \/ Maryline NIEL Consultante Feng Shui","robots":{"index":"index","follow":"follow","max-snippet":"max-snippet:-1","max-image-preview":"max-image-preview:large","max-video-preview":"max-video-preview:-1"},"canonical":"https:\/\/lesensdulieu.com\/index.php\/contact\/","og_locale":"fr_FR","og_type":"article","og_title":"Contact - Le Sens du Lieu","og_description":"Contact Le Sens du Lieu - Expertise Fengshui pour l'entreprise et les particuliers. Contacter Le Sens du Lieu \/ Maryline NIEL Consultante Feng Shui","og_url":"https:\/\/lesensdulieu.com\/index.php\/contact\/","og_site_name":"Le Sens du Lieu","article_modified_time":"2021-03-23T21:24:53+00:00","twitter_card":"summary_large_image","schema":{"@context":"https:\/\/schema.org","@graph":[{"@type":"WebPage","@id":"https:\/\/lesensdulieu.com\/index.php\/contact\/","url":"https:\/\/lesensdulieu.com\/index.php\/contact\/","name":"Contact - Le Sens du Lieu","isPartOf":{"@id":"https:\/\/lesensdulieu.com\/#website"},"datePublished":"2017-06-10T08:25:52+00:00","dateModified":"2021-03-23T21:24:53+00:00","description":"Contact Le Sens du Lieu - Expertise Fengshui pour l'entreprise et les particuliers. Contacter Le Sens du Lieu \/ Maryline NIEL Consultante Feng Shui","breadcrumb":{"@id":"https:\/\/lesensdulieu.com\/index.php\/contact\/#breadcrumb"},"inLanguage":"fr-FR","potentialAction":[{"@type":"ReadAction","target":["https:\/\/lesensdulieu.com\/index.php\/contact\/"]}]},{"@type":"BreadcrumbList","@id":"https:\/\/lesensdulieu.com\/index.php\/contact\/#breadcrumb","itemListElement":[{"@type":"ListItem","position":1,"name":"Accueil","item":"https:\/\/lesensdulieu.com\/"},{"@type":"ListItem","position":2,"name":"Contact"}]},{"@type":"WebSite","@id":"https:\/\/lesensdulieu.com\/#website","url":"https:\/\/lesensdulieu.com\/","name":"Le Sens du Lieu","description":"Harmoniser individus et environnements","publisher":{"@id":"https:\/\/lesensdulieu.com\/#organization"},"potentialAction":[{"@type":"SearchAction","target":{"@type":"EntryPoint","urlTemplate":"https:\/\/lesensdulieu.com\/?s={search_term_string}"},"query-input":{"@type":"PropertyValueSpecification","valueRequired":true,"valueName":"search_term_string"}}],"inLanguage":"fr-FR"},{"@type":"Organization","@id":"https:\/\/lesensdulieu.com\/#organization","name":"Le Sens du Lieu","url":"https:\/\/lesensdulieu.com\/","logo":{"@type":"ImageObject","inLanguage":"fr-FR","@id":"https:\/\/lesensdulieu.com\/#\/schema\/logo\/image\/","url":"https:\/\/lesensdulieu.com\/wp-content\/uploads\/2021\/03\/LOGO-2021-2.png","contentUrl":"https:\/\/lesensdulieu.com\/wp-content\/uploads\/2021\/03\/LOGO-2021-2.png","width":1200,"height":330,"caption":"Le Sens du Lieu"},"image":{"@id":"https:\/\/lesensdulieu.com\/#\/schema\/logo\/image\/"}}]}},"_links":{"self":[{"href":"https:\/\/lesensdulieu.com\/index.php\/wp-json\/wp\/v2\/pages\/18","targetHints":{"allow":["GET"]}}],"collection":[{"href":"https:\/\/lesensdulieu.com\/index.php\/wp-json\/wp\/v2\/pages"}],"about":[{"href":"https:\/\/lesensdulieu.com\/index.php\/wp-json\/wp\/v2\/types\/page"}],"author":[{"embeddable":true,"href":"https:\/\/lesensdulieu.com\/index.php\/wp-json\/wp\/v2\/users\/1"}],"replies":[{"embeddable":true,"href":"https:\/\/lesensdulieu.com\/index.php\/wp-json\/wp\/v2\/comments?post=18"}],"version-history":[{"count":0,"href":"https:\/\/lesensdulieu.com\/index.php\/wp-json\/wp\/v2\/pages\/18\/revisions"}],"wp:attachment":[{"href":"https:\/\/lesensdulieu.com\/index.php\/wp-json\/wp\/v2\/media?parent=18"}],"curies":[{"name":"wp","href":"https:\/\/api.w.org\/{rel}","templated":true}]}}